{"id":1577,"date":"2016-12-27T21:52:53","date_gmt":"2016-12-27T20:52:53","guid":{"rendered":"http:\/\/www.sopaed.net\/vadder\/?page_id=1577"},"modified":"2017-01-03T22:24:41","modified_gmt":"2017-01-03T21:24:41","slug":"das-wohnmobil","status":"publish","type":"page","link":"https:\/\/www.sopaed.net\/vadder\/?page_id=1577","title":{"rendered":"Das Wohnmobil"},"content":{"rendered":"<p>Unser&nbsp; Sprinti ist zwar schon 15 Jahre alt und&nbsp; hat fast 300 000 km auf dem Buckel&#8230;<\/p>\n<p>ABER: er ist unser Haus f\u00fcr die n\u00e4chsten Monate\/Jahre etc&#8230;&#8230;wie er es schon seit 2011 ist&#8230;..<\/p>\n<p>Wir sind ihn gewohnt, kennen alle seine Macken und Vorteile&#8230;.. und wir lieben ihn !<\/p>\n<p>&nbsp;Er kriegt noch einen Generalservice mit Tausch aller \u00d6le, Filter etc. und dann ist er fit f\u00fcr Las Americas ! Und au\u00dferdem hat er jetzt neue F\u00fc\u00dfe (Alufelgen) mit den AT-Reifen, die sich seit langem so bew\u00e4hrt haben&#8230;.<\/p>\n<p>Zus\u00e4tzlich bekommt er eine Gasflasche mit F\u00fcllstop, damit wir an jeder LPG-Tankstelle unser Gas auff\u00fcllen&nbsp; k\u00f6nnen (www.gasfachfrau.de)<\/p>\n<p>Damit kommen wir an alle Ecken der Welt&#8230;&#8230;<\/p>\n","protected":false},"excerpt":{"rendered":"<p>Unser&nbsp; Sprinti ist zwar schon 15 Jahre alt und&nbsp; hat fast 300 000 km auf dem Buckel&#8230; ABER: er ist unser Haus f\u00fcr die n\u00e4chsten Monate\/Jahre etc&#8230;&#8230;wie er es schon seit 2011 ist&#8230;.. Wir sind ihn gewohnt, kennen alle seine &hellip; <a href=\"https:\/\/www.sopaed.net\/vadder\/?page_id=1577\">Weiterlesen <span class=\"meta-nav\">&rarr;<\/span><\/a><\/p>\n","protected":false},"author":2,"featured_media":0,"parent":1568,"menu_order":1,"comment_status":"closed","ping_status":"closed","template":"","meta":{"ngg_post_thumbnail":0,"footnotes":""},"class_list":["post-1577","page","type-page","status-publish","hentry"],"post_mailing_queue_ids":[],"_links":{"self":[{"href":"https:\/\/www.sopaed.net\/vadder\/index.php?rest_route=\/wp\/v2\/pages\/1577","targetHints":{"allow":["GET"]}}],"collection":[{"href":"https:\/\/www.sopaed.net\/vadder\/index.php?rest_route=\/wp\/v2\/pages"}],"about":[{"href":"https:\/\/www.sopaed.net\/vadder\/index.php?rest_route=\/wp\/v2\/types\/page"}],"author":[{"embeddable":true,"href":"https:\/\/www.sopaed.net\/vadder\/index.php?rest_route=\/wp\/v2\/users\/2"}],"replies":[{"embeddable":true,"href":"https:\/\/www.sopaed.net\/vadder\/index.php?rest_route=%2Fwp%2Fv2%2Fcomments&post=1577"}],"version-history":[{"count":3,"href":"https:\/\/www.sopaed.net\/vadder\/index.php?rest_route=\/wp\/v2\/pages\/1577\/revisions"}],"predecessor-version":[{"id":1751,"href":"https:\/\/www.sopaed.net\/vadder\/index.php?rest_route=\/wp\/v2\/pages\/1577\/revisions\/1751"}],"up":[{"embeddable":true,"href":"https:\/\/www.sopaed.net\/vadder\/index.php?rest_route=\/wp\/v2\/pages\/1568"}],"wp:attachment":[{"href":"https:\/\/www.sopaed.net\/vadder\/index.php?rest_route=%2Fwp%2Fv2%2Fmedia&parent=1577"}],"curies":[{"name":"wp","href":"https:\/\/api.w.org\/{rel}","templated":true}]}}