{"id":1727,"date":"2017-01-01T17:27:14","date_gmt":"2017-01-01T16:27:14","guid":{"rendered":"http:\/\/www.sopaed.net\/vadder\/?page_id=1727"},"modified":"2017-01-02T11:56:09","modified_gmt":"2017-01-02T10:56:09","slug":"fakten-zur-reise","status":"publish","type":"page","link":"https:\/\/www.sopaed.net\/vadder\/?page_id=1727","title":{"rendered":"Fakten zur Reise"},"content":{"rendered":"<p><strong>Hier einige Fakten zu unserer Australientour:<\/strong><\/p>\n<ul style=\"list-style-type: circle;\">\n<li>182 Tage unterwegs<\/li>\n<li>23743 km<\/li>\n<li>2169 l Diesel, Durchschnittsverbrauch 9.1 l \/100km<\/li>\n<li>Dieselpreise AUS $ 0.99 bis AUS $ 1.41 im outback<\/li>\n<li>Monatliche Gesamtkosten ca. AUS $ 1900.- incl. ALLEM, vom Allesreiniger bis Zahnstocher OHNE Flug<\/li>\n<li>Flug \u20ac 1249.- pro Person<\/li>\n<li>Bishi Ankauf \u20ac 5000.-, Bishi Verkauf \u20ac 5000.-<\/li>\n<li>Reparaturen: 1 Lichtmaschine im Tausch AUS $ 240.-<\/li>\n<li>Service 1mal in Sydney vor dem Verkauf: gratis in Anne&#8217;s TruckService (Anne haben wir in der Mongolei auf dem Motorrad kennengelernt&#8230;..)<\/li>\n<\/ul>\n<p>Ansonsten sind wir manchmal auf Campingpl\u00e4tze gegangen, haben sehr oft wild gestanden, nie irgendwelche Probleme mit den Menschen gehabt, uns\u00e4gliche Gastfreundschaft genossen und uns sauwohl gef\u00fchlt.<\/p>\n<p><strong>Wir werden sicher nochmal herkommen.<\/strong><\/p>\n<p>Wir beliben unserem Motto treu:<\/p>\n<p><strong>WEGE ENTSTEHEN DADURCH, DASS MAN SIE GEHT.<\/strong>&nbsp; (Kafka)<\/p>\n","protected":false},"excerpt":{"rendered":"<p>Hier einige Fakten zu unserer Australientour: 182 Tage unterwegs 23743 km 2169 l Diesel, Durchschnittsverbrauch 9.1 l \/100km Dieselpreise AUS $ 0.99 bis AUS $ 1.41 im outback Monatliche Gesamtkosten ca. AUS $ 1900.- incl. ALLEM, vom Allesreiniger bis Zahnstocher &hellip; <a href=\"https:\/\/www.sopaed.net\/vadder\/?page_id=1727\">Weiterlesen <span class=\"meta-nav\">&rarr;<\/span><\/a><\/p>\n","protected":false},"author":2,"featured_media":0,"parent":605,"menu_order":125,"comment_status":"closed","ping_status":"closed","template":"","meta":{"ngg_post_thumbnail":0,"footnotes":""},"class_list":["post-1727","page","type-page","status-publish","hentry"],"post_mailing_queue_ids":[],"_links":{"self":[{"href":"https:\/\/www.sopaed.net\/vadder\/index.php?rest_route=\/wp\/v2\/pages\/1727","targetHints":{"allow":["GET"]}}],"collection":[{"href":"https:\/\/www.sopaed.net\/vadder\/index.php?rest_route=\/wp\/v2\/pages"}],"about":[{"href":"https:\/\/www.sopaed.net\/vadder\/index.php?rest_route=\/wp\/v2\/types\/page"}],"author":[{"embeddable":true,"href":"https:\/\/www.sopaed.net\/vadder\/index.php?rest_route=\/wp\/v2\/users\/2"}],"replies":[{"embeddable":true,"href":"https:\/\/www.sopaed.net\/vadder\/index.php?rest_route=%2Fwp%2Fv2%2Fcomments&post=1727"}],"version-history":[{"count":4,"href":"https:\/\/www.sopaed.net\/vadder\/index.php?rest_route=\/wp\/v2\/pages\/1727\/revisions"}],"predecessor-version":[{"id":1738,"href":"https:\/\/www.sopaed.net\/vadder\/index.php?rest_route=\/wp\/v2\/pages\/1727\/revisions\/1738"}],"up":[{"embeddable":true,"href":"https:\/\/www.sopaed.net\/vadder\/index.php?rest_route=\/wp\/v2\/pages\/605"}],"wp:attachment":[{"href":"https:\/\/www.sopaed.net\/vadder\/index.php?rest_route=%2Fwp%2Fv2%2Fmedia&parent=1727"}],"curies":[{"name":"wp","href":"https:\/\/api.w.org\/{rel}","templated":true}]}}