{"id":42,"date":"2011-01-07T17:29:47","date_gmt":"2011-01-07T16:29:47","guid":{"rendered":"http:\/\/www.florian-kohl.net\/vadder\/?page_id=42"},"modified":"2013-03-27T14:39:59","modified_gmt":"2013-03-27T13:39:59","slug":"die-geplante-route","status":"publish","type":"page","link":"https:\/\/www.sopaed.net\/vadder\/?page_id=42","title":{"rendered":"Die Route"},"content":{"rendered":"<p>&nbsp;<\/p>\nngg_shortcode_0_placeholder\n<p><span style=\"font-size: medium;\">Deutschland &#8211; \u00d6sterreich &#8211; Slovenien -Kroatien -Herzegovina-Albanien &#8211; Griechenland &#8211; T\u00fcrkei &#8211; Iran &#8211; Turkmenistan &#8211; Usbekistan &#8211; Kasachstan &#8211; Russland &#8211; Mongolei &#8211; Russland &#8211; Kasachstan &#8211; Kirgistan &#8211; <span style=\"color: #ff0000;\">[China &#8211; Pakistan &#8211; Indien &#8211; Nepal &#8211; SriLanka &#8211; Pakistan &#8211; Iran<\/span> ] Kasachstan &#8211; Russland &#8211; Georgien &#8211; Armenien &#8211; Georgien \u00a0 &#8211; T\u00fcrkei &#8211; Bulgarien &#8211; Rum\u00e4nien- Ungarn &#8211; \u00d6sterreich &#8211; Deutschland<\/span><\/p>\n<p><span style=\"color: #ff0000; font-size: medium;\">Diese Route musste aus aktuellen Sicherheitsbedenken der pakistanischen Regierung ge\u00e4ndert werden.<\/span><\/p>\n","protected":false},"excerpt":{"rendered":"<p>&nbsp; Deutschland &#8211; \u00d6sterreich &#8211; Slovenien -Kroatien -Herzegovina-Albanien &#8211; Griechenland &#8211; T\u00fcrkei &#8211; Iran &#8211; Turkmenistan &#8211; Usbekistan &#8211; Kasachstan &#8211; Russland &#8211; Mongolei &#8211; Russland &#8211; Kasachstan &#8211; Kirgistan &#8211; [China &#8211; Pakistan &#8211; Indien &#8211; Nepal &#8211; SriLanka &hellip; <a href=\"https:\/\/www.sopaed.net\/vadder\/?page_id=42\">Weiterlesen <span class=\"meta-nav\">&rarr;<\/span><\/a><\/p>\n","protected":false},"author":2,"featured_media":0,"parent":634,"menu_order":50,"comment_status":"closed","ping_status":"closed","template":"","meta":{"ngg_post_thumbnail":0,"footnotes":""},"class_list":["post-42","page","type-page","status-publish","hentry"],"post_mailing_queue_ids":[],"_links":{"self":[{"href":"https:\/\/www.sopaed.net\/vadder\/index.php?rest_route=\/wp\/v2\/pages\/42","targetHints":{"allow":["GET"]}}],"collection":[{"href":"https:\/\/www.sopaed.net\/vadder\/index.php?rest_route=\/wp\/v2\/pages"}],"about":[{"href":"https:\/\/www.sopaed.net\/vadder\/index.php?rest_route=\/wp\/v2\/types\/page"}],"author":[{"embeddable":true,"href":"https:\/\/www.sopaed.net\/vadder\/index.php?rest_route=\/wp\/v2\/users\/2"}],"replies":[{"embeddable":true,"href":"https:\/\/www.sopaed.net\/vadder\/index.php?rest_route=%2Fwp%2Fv2%2Fcomments&post=42"}],"version-history":[{"count":21,"href":"https:\/\/www.sopaed.net\/vadder\/index.php?rest_route=\/wp\/v2\/pages\/42\/revisions"}],"predecessor-version":[{"id":263,"href":"https:\/\/www.sopaed.net\/vadder\/index.php?rest_route=\/wp\/v2\/pages\/42\/revisions\/263"}],"up":[{"embeddable":true,"href":"https:\/\/www.sopaed.net\/vadder\/index.php?rest_route=\/wp\/v2\/pages\/634"}],"wp:attachment":[{"href":"https:\/\/www.sopaed.net\/vadder\/index.php?rest_route=%2Fwp%2Fv2%2Fmedia&parent=42"}],"curies":[{"name":"wp","href":"https:\/\/api.w.org\/{rel}","templated":true}]}}