{"id":52,"date":"2011-01-07T17:34:12","date_gmt":"2011-01-07T16:34:12","guid":{"rendered":"http:\/\/www.florian-kohl.net\/vadder\/?page_id=52"},"modified":"2016-12-27T21:40:37","modified_gmt":"2016-12-27T20:40:37","slug":"das-wohnmobil","status":"publish","type":"page","link":"https:\/\/www.sopaed.net\/vadder\/?page_id=52","title":{"rendered":"Das Wohnmobil"},"content":{"rendered":"<p><span style=\"font-size: medium;\">Bei der Auswahl unseres Wohnmobils haben die unterschiedlichsten \u00dcberlegungen eine wichtige Rolle gespielt. Aus Sicherheitsgr\u00fcnden sollte es auf alle F\u00e4lle ein 4&#215;4-Fahrzeug sein, auch wenn man den Vierradantrieb nur in den seltensten F\u00e4llen ben\u00f6tigt. Diesel war sowieso klar,&nbsp;trotzdem kamen&nbsp;noch die unterschiedlichsten Fabrikate in Frage.<\/span><\/p>\n<p><span style=\"font-size: medium;\">Unimog, Mercedes 911-1027, MAN kamen aus wirtschaftlichen und logistischen Gr\u00fcnden nicht in Frage. Der Treibstoffverbrauch bewegt sich im&nbsp;20- 30Liter&nbsp;&nbsp;Bereich und h\u00f6her, als 7.5Tonner sind etliche Strassen und Stadtdurchfahren nicht erlaubt, f\u00fcr Europa ben\u00f6tigt man Go-Box und \u00e4hnliches, ansonsten sind auch die Unterhaltskosten enorm. Die Gel\u00e4ndeg\u00e4ngigkeit ist allerdings unbestritten.<\/span><\/p>\n<p><span style=\"font-size: medium;\">VW-Syncro, Mitsubishi L300 4&#215;4, Toyota HiAce 4&#215;4 waren f\u00fcr unsere Verh\u00e4ltnisse zu klein, da wir wirklich zwei Jahre in unserem fahrbaren Zuhause leben wollen.<\/span><\/p>\n<p><span style=\"font-size: medium;\">Wir standen dann vor der Wahl, uns entweder f\u00fcr einen Mercedes Sprinter 4&#215;4 Iglhaut oder Oberaigner, einen LT 4&#215;4 ,einen Iveco Daily 4010 4&#215;4 oder die franz\u00f6sisch\/italienischen 4&#215;4 von Peugeot\/Citroen oder Fiat mit dem Dangel 4&#215;4-Prinzip zu entscheiden, alles 3.5 Tonner.&nbsp;Der Iglhaut ist ein tolles Fahrzeug, aber gebraucht und in einem f\u00fcr uns passenden finanziellen Rahmen nicht erschwinglich, der Iveco ist zwar gel\u00e4ndeg\u00e4ngig, aber auch wieder reparaturanf\u00e4lliger als andere.<\/span><\/p>\n<p><span style=\"font-size: medium;\">Unsere Entscheidung fiel schlie\u00dflich auf einen Sprinter 313 CDI 4&#215;4 Oberaigner, mittellang und mit Hochdach, gebraucht und gut erhalten aus dem Jahre 2001, den wir in der N\u00e4he von Hamburg abholten. Er sieht aus wie ein Lieferwagen und nicht wie ein WoMo, was f\u00fcr unsere Zwecke sicherlich von Vorteil sein wird. Er ist breit genug, um quer darin zu schlafen, und&nbsp;die von uns geplante und auch ausgebaute Inneneinrichtung hat sich in den letzten zwei Jahren auf alle F\u00e4lle bew\u00e4hrt.<\/span><\/p>\n<p>Bilder vom Ausbau findet ihr hier:<\/p>\nngg_shortcode_0_placeholder\n","protected":false},"excerpt":{"rendered":"<p>Bei der Auswahl unseres Wohnmobils haben die unterschiedlichsten \u00dcberlegungen eine wichtige Rolle gespielt. Aus Sicherheitsgr\u00fcnden sollte es auf alle F\u00e4lle ein 4&#215;4-Fahrzeug sein, auch wenn man den Vierradantrieb nur in den seltensten F\u00e4llen ben\u00f6tigt. Diesel war sowieso klar,&nbsp;trotzdem kamen&nbsp;noch die &hellip; <a href=\"https:\/\/www.sopaed.net\/vadder\/?page_id=52\">Weiterlesen <span class=\"meta-nav\">&rarr;<\/span><\/a><\/p>\n","protected":false},"author":2,"featured_media":0,"parent":634,"menu_order":40,"comment_status":"closed","ping_status":"closed","template":"","meta":{"ngg_post_thumbnail":0,"footnotes":""},"class_list":["post-52","page","type-page","status-publish","hentry"],"post_mailing_queue_ids":[],"_links":{"self":[{"href":"https:\/\/www.sopaed.net\/vadder\/index.php?rest_route=\/wp\/v2\/pages\/52","targetHints":{"allow":["GET"]}}],"collection":[{"href":"https:\/\/www.sopaed.net\/vadder\/index.php?rest_route=\/wp\/v2\/pages"}],"about":[{"href":"https:\/\/www.sopaed.net\/vadder\/index.php?rest_route=\/wp\/v2\/types\/page"}],"author":[{"embeddable":true,"href":"https:\/\/www.sopaed.net\/vadder\/index.php?rest_route=\/wp\/v2\/users\/2"}],"replies":[{"embeddable":true,"href":"https:\/\/www.sopaed.net\/vadder\/index.php?rest_route=%2Fwp%2Fv2%2Fcomments&post=52"}],"version-history":[{"count":21,"href":"https:\/\/www.sopaed.net\/vadder\/index.php?rest_route=\/wp\/v2\/pages\/52\/revisions"}],"predecessor-version":[{"id":1522,"href":"https:\/\/www.sopaed.net\/vadder\/index.php?rest_route=\/wp\/v2\/pages\/52\/revisions\/1522"}],"up":[{"embeddable":true,"href":"https:\/\/www.sopaed.net\/vadder\/index.php?rest_route=\/wp\/v2\/pages\/634"}],"wp:attachment":[{"href":"https:\/\/www.sopaed.net\/vadder\/index.php?rest_route=%2Fwp%2Fv2%2Fmedia&parent=52"}],"curies":[{"name":"wp","href":"https:\/\/api.w.org\/{rel}","templated":true}]}}