{"id":607,"date":"2013-03-25T14:41:58","date_gmt":"2013-03-25T13:41:58","guid":{"rendered":"http:\/\/www.sopaed.net\/vadder\/?page_id=607"},"modified":"2016-12-28T22:09:08","modified_gmt":"2016-12-28T21:09:08","slug":"das-wohnmobil-fur-die-australien-tour","status":"publish","type":"page","link":"https:\/\/www.sopaed.net\/vadder\/?page_id=607","title":{"rendered":"Das Wohnmobil"},"content":{"rendered":"<p><span style=\"font-size: medium;\">Hihihi&#8230;eigentlich ist der Begriff &#8218;Wohnmobil&#8216; schon etwas hoch gegriffen&#8230;&#8230;eigentlich ist es ein TransportSchlafKochGel\u00e4ndeb\u00fcsle, in dem wir alles transportieren, was f\u00fcr Australien n\u00f6tig ist, in dem wir superbequem schlafen, unter dessen Heckklappe wir im trockenen kochen, wenns denn mal regnen sollte, der uns auf \u00fcbelsten Pisten bis jetzt nie im Stich lie\u00df&#8230;..und wohnen tun wir im riesengro\u00dfen Garten au\u00dfenrum, jeden Tag neu bepflanzt, jeden Tag mit neuen Haustieren versehen, jeden Abend unter den gleichen Sternen, dem Mond und der unvergleichlichen Milchstrasse&#8230;<\/span><\/p>\n<p><span style=\"font-size: medium;\">Aber jetzt im Ernst&#8230;.bei gumtree.com.au sind wir f\u00fcndig geworden, nachdem Oskar einige Wochen gesucht hat: ein deutsch-italienisches P\u00e4rchen verkauft seinen Mitsubishi Delica&nbsp; 4WD 2.8l Intercooler, komplett mit aller Ausr\u00fcstung, vom Besteck \u00fcber Tische und St\u00fchle bis zu Werkzeug, Ersatzteilen und einem 12V-Airkompressor und noch vielem mehr. <\/span><\/p>\n<p><span style=\"font-size: medium;\">Der Bishi hat erst 186000km drauf (sehr wenig f\u00fcr australische Verh\u00e4ltnisse), ist aus zweiter Hand, hat neue Rego (T\u00dcV\/Zulassung) bis September 2013, ist zuverl\u00e4ssig gewartet worden&#8230;..und die beiden Verk\u00e4ufer sind sehr sympathisch. Wir telefonieren, handeln und zahlen dann die H\u00e4lfte noch in Deutschland an, den Rest bezahlen wir bei \u00dcbernahme. Vertrauen gegen Vertrauen&#8230;..und das sch\u00f6nste: Ihr R\u00fcckflug ist von Sydney am 11.5.2013, und wir kommen in Sydney am 10.5. an !<\/span><\/p>\n<p><span style=\"font-size: medium;\">Fotos von unserem BISHI findet ihr in Reisebericht 2013 und demn\u00e4chst auch hier.<\/span><\/p>\n<div id=\"attachment_1694\" style=\"width: 970px\" class=\"wp-caption aligncenter\"><img loading=\"lazy\" decoding=\"async\" aria-describedby=\"caption-attachment-1694\" class=\"size-full wp-image-1694\" src=\"http:\/\/www.sopaed.net\/vadder\/wp-content\/uploads\/2013\/03\/australien-9-419a.jpg\" alt=\"\" width=\"960\" height=\"643\" srcset=\"https:\/\/www.sopaed.net\/vadder\/wp-content\/uploads\/2013\/03\/australien-9-419a.jpg 960w, https:\/\/www.sopaed.net\/vadder\/wp-content\/uploads\/2013\/03\/australien-9-419a-300x201.jpg 300w, https:\/\/www.sopaed.net\/vadder\/wp-content\/uploads\/2013\/03\/australien-9-419a-768x514.jpg 768w, https:\/\/www.sopaed.net\/vadder\/wp-content\/uploads\/2013\/03\/australien-9-419a-448x300.jpg 448w\" sizes=\"auto, (max-width: 960px) 100vw, 960px\" \/><p id=\"caption-attachment-1694\" class=\"wp-caption-text\">Treuer Mitsu&#8230;<\/p><\/div>\n<div id=\"attachment_1695\" style=\"width: 970px\" class=\"wp-caption aligncenter\"><img loading=\"lazy\" decoding=\"async\" aria-describedby=\"caption-attachment-1695\" class=\"size-full wp-image-1695\" src=\"http:\/\/www.sopaed.net\/vadder\/wp-content\/uploads\/2013\/03\/australien-1-009a.jpg\" alt=\"\" width=\"960\" height=\"643\" srcset=\"https:\/\/www.sopaed.net\/vadder\/wp-content\/uploads\/2013\/03\/australien-1-009a.jpg 960w, https:\/\/www.sopaed.net\/vadder\/wp-content\/uploads\/2013\/03\/australien-1-009a-300x201.jpg 300w, https:\/\/www.sopaed.net\/vadder\/wp-content\/uploads\/2013\/03\/australien-1-009a-768x514.jpg 768w, https:\/\/www.sopaed.net\/vadder\/wp-content\/uploads\/2013\/03\/australien-1-009a-448x300.jpg 448w\" sizes=\"auto, (max-width: 960px) 100vw, 960px\" \/><p id=\"caption-attachment-1695\" class=\"wp-caption-text\">&#8230;Bishi<\/p><\/div>\n","protected":false},"excerpt":{"rendered":"<p>Hihihi&#8230;eigentlich ist der Begriff &#8218;Wohnmobil&#8216; schon etwas hoch gegriffen&#8230;&#8230;eigentlich ist es ein TransportSchlafKochGel\u00e4ndeb\u00fcsle, in dem wir alles transportieren, was f\u00fcr Australien n\u00f6tig ist, in dem wir superbequem schlafen, unter dessen Heckklappe wir im trockenen kochen, wenns denn mal regnen sollte, &hellip; <a href=\"https:\/\/www.sopaed.net\/vadder\/?page_id=607\">Weiterlesen <span class=\"meta-nav\">&rarr;<\/span><\/a><\/p>\n","protected":false},"author":2,"featured_media":0,"parent":605,"menu_order":90,"comment_status":"closed","ping_status":"closed","template":"","meta":{"ngg_post_thumbnail":0,"footnotes":""},"class_list":["post-607","page","type-page","status-publish","hentry"],"post_mailing_queue_ids":[],"_links":{"self":[{"href":"https:\/\/www.sopaed.net\/vadder\/index.php?rest_route=\/wp\/v2\/pages\/607","targetHints":{"allow":["GET"]}}],"collection":[{"href":"https:\/\/www.sopaed.net\/vadder\/index.php?rest_route=\/wp\/v2\/pages"}],"about":[{"href":"https:\/\/www.sopaed.net\/vadder\/index.php?rest_route=\/wp\/v2\/types\/page"}],"author":[{"embeddable":true,"href":"https:\/\/www.sopaed.net\/vadder\/index.php?rest_route=\/wp\/v2\/users\/2"}],"replies":[{"embeddable":true,"href":"https:\/\/www.sopaed.net\/vadder\/index.php?rest_route=%2Fwp%2Fv2%2Fcomments&post=607"}],"version-history":[{"count":9,"href":"https:\/\/www.sopaed.net\/vadder\/index.php?rest_route=\/wp\/v2\/pages\/607\/revisions"}],"predecessor-version":[{"id":1697,"href":"https:\/\/www.sopaed.net\/vadder\/index.php?rest_route=\/wp\/v2\/pages\/607\/revisions\/1697"}],"up":[{"embeddable":true,"href":"https:\/\/www.sopaed.net\/vadder\/index.php?rest_route=\/wp\/v2\/pages\/605"}],"wp:attachment":[{"href":"https:\/\/www.sopaed.net\/vadder\/index.php?rest_route=%2Fwp%2Fv2%2Fmedia&parent=607"}],"curies":[{"name":"wp","href":"https:\/\/api.w.org\/{rel}","templated":true}]}}